{"id":5641,"date":"2025-07-17T08:12:03","date_gmt":"2025-07-17T08:12:03","guid":{"rendered":"https:\/\/gspeurope.info\/informazioni-su-gsp\/sostenibilita\/"},"modified":"2026-01-21T14:10:51","modified_gmt":"2026-01-21T14:10:51","slug":"sostenibilita","status":"publish","type":"page","link":"https:\/\/www.gsp-europe.com\/it\/su-gsp\/sostenibilita\/","title":{"rendered":"Sostenibilit\u00e0"},"content":{"rendered":"\t\t<div data-elementor-type=\"wp-page\" data-elementor-id=\"5641\" class=\"elementor elementor-5641 elementor-1115\" data-elementor-post-type=\"page\">\n\t\t\t\t<div class=\"elementor-element elementor-element-40bd39e e-flex e-con-boxed e-con e-parent\" data-id=\"40bd39e\" data-element_type=\"container\" data-e-type=\"container\" data-settings=\"{&quot;background_background&quot;:&quot;gradient&quot;,&quot;jet_parallax_layout_list&quot;:[]}\">\n\t\t\t\t\t<div class=\"e-con-inner\">\n\t\t<div class=\"elementor-element elementor-element-2e06893 e-con-full e-flex e-con e-child\" data-id=\"2e06893\" data-element_type=\"container\" data-e-type=\"container\" data-settings=\"{&quot;jet_parallax_layout_list&quot;:[]}\">\n\t\t\t\t<div class=\"elementor-element elementor-element-2632763 elementor-widget elementor-widget-heading\" data-id=\"2632763\" data-element_type=\"widget\" data-e-type=\"widget\" data-widget_type=\"heading.default\">\n\t\t\t\t\t<h2 class=\"elementor-heading-title elementor-size-default\">Prestazioni orientate alla qualit\u00e0<\/h2>\t\t\t\t<\/div>\n\t\t\t\t<div class=\"elementor-element elementor-element-57c786c elementor-widget elementor-widget-heading\" data-id=\"57c786c\" data-element_type=\"widget\" data-e-type=\"widget\" data-widget_type=\"heading.default\">\n\t\t\t\t\t<h2 class=\"elementor-heading-title elementor-size-default\">Sostenibilit\u00e0<\/h2>\t\t\t\t<\/div>\n\t\t\t\t<div class=\"elementor-element elementor-element-76f4340 elementor-widget elementor-widget-text-editor\" data-id=\"76f4340\" data-element_type=\"widget\" data-e-type=\"widget\" data-widget_type=\"text-editor.default\">\n\t\t\t\t\t\t\t\t\t<p>Uno dei nostri compiti principali \u00e8 quello di dare un contributo sociale. Il cambiamento climatico e la scarsit\u00e0 di energia hanno aumentato la consapevolezza della sostenibilit\u00e0 in tutto il mondo. Per questo motivo GSP si impegna costantemente a favore dello sviluppo sostenibile.  <\/p>\t\t\t\t\t\t\t\t<\/div>\n\t\t\t\t<\/div>\n\t\t<div class=\"elementor-element elementor-element-f3fc15a e-con-full e-flex e-con e-child\" data-id=\"f3fc15a\" data-element_type=\"container\" data-e-type=\"container\" data-settings=\"{&quot;background_background&quot;:&quot;classic&quot;,&quot;jet_parallax_layout_list&quot;:[]}\">\n\t\t\t\t<\/div>\n\t\t<div class=\"elementor-element elementor-element-c5f5ee8 e-con-full elementor-hidden-mobile e-flex e-con e-child\" data-id=\"c5f5ee8\" data-element_type=\"container\" data-e-type=\"container\" data-settings=\"{&quot;background_background&quot;:&quot;gradient&quot;,&quot;position&quot;:&quot;absolute&quot;,&quot;jet_parallax_layout_list&quot;:[]}\">\n\t\t\t\t<\/div>\n\t\t\t\t\t<\/div>\n\t\t\t\t<\/div>\n\t\t<div class=\"elementor-element elementor-element-90602f0 e-flex e-con-boxed e-con e-parent\" data-id=\"90602f0\" data-element_type=\"container\" data-e-type=\"container\" data-settings=\"{&quot;background_background&quot;:&quot;classic&quot;,&quot;jet_parallax_layout_list&quot;:[]}\">\n\t\t\t\t\t<div class=\"e-con-inner\">\n\t\t<div class=\"elementor-element elementor-element-bb7382d e-con-full e-flex e-con e-child\" data-id=\"bb7382d\" data-element_type=\"container\" data-e-type=\"container\" data-settings=\"{&quot;jet_parallax_layout_list&quot;:[]}\">\n\t\t\t\t<div class=\"elementor-element elementor-element-2fafbe7 elementor-widget elementor-widget-heading\" data-id=\"2fafbe7\" data-element_type=\"widget\" data-e-type=\"widget\" data-widget_type=\"heading.default\">\n\t\t\t\t\t<h2 class=\"elementor-heading-title elementor-size-default\">Energia solare in produzione<\/h2>\t\t\t\t<\/div>\n\t\t\t\t<div class=\"elementor-element elementor-element-480b2bb elementor-widget elementor-widget-text-editor\" data-id=\"480b2bb\" data-element_type=\"widget\" data-e-type=\"widget\" data-widget_type=\"text-editor.default\">\n\t\t\t\t\t\t\t\t\t<p>La tutela dell&#8217;ambiente e del clima sono per noi una priorit\u00e0 assoluta. Presso il nostro stabilimento di Nanjing, gestiamo un impianto solare con 19.713 metri quadrati di celle solari. Questo impianto genera una media di circa 3,6 milioni di chilowattora di elettricit\u00e0 all&#8217;anno. Nel corso della sua vita utile prevista di 25 anni, verranno prodotti in totale circa 90 milioni di kWh, il che corrisponde a un risparmio di 89,73 milioni di tonnellate di CO2.   <\/p><p>Stiamo inoltre investendo continuamente nell&#8217;espansione delle energie rinnovabili: nel 2022, ad esempio, sono stati investiti altri 1,5 milioni di dollari per la costruzione di due ulteriori impianti solari da 800 kW.<\/p>\t\t\t\t\t\t\t\t<\/div>\n\t\t\t\t<\/div>\n\t\t\t\t\t<\/div>\n\t\t\t\t<\/div>\n\t\t<div class=\"elementor-element elementor-element-8ad935d e-grid e-con-boxed e-con e-parent\" data-id=\"8ad935d\" data-element_type=\"container\" data-e-type=\"container\" data-settings=\"{&quot;jet_parallax_layout_list&quot;:[]}\">\n\t\t\t\t\t<div class=\"e-con-inner\">\n\t\t<div class=\"elementor-element elementor-element-0e76dff e-con-full e-flex elementor-invisible e-con e-child\" data-id=\"0e76dff\" data-element_type=\"container\" data-e-type=\"container\" data-settings=\"{&quot;background_background&quot;:&quot;gradient&quot;,&quot;jet_parallax_layout_list&quot;:[],&quot;animation&quot;:&quot;fadeIn&quot;,&quot;animation_delay&quot;:200}\">\n\t\t\t\t<div class=\"elementor-element elementor-element-9620515 elementor-widget elementor-widget-heading\" data-id=\"9620515\" data-element_type=\"widget\" data-e-type=\"widget\" data-widget_type=\"heading.default\">\n\t\t\t\t\t<h2 class=\"elementor-heading-title elementor-size-default\">Logistica e produzione sostenibili<\/h2>\t\t\t\t<\/div>\n\t\t\t\t<div class=\"elementor-element elementor-element-99a0580 elementor-widget elementor-widget-text-editor\" data-id=\"99a0580\" data-element_type=\"widget\" data-e-type=\"widget\" data-widget_type=\"text-editor.default\">\n\t\t\t\t\t\t\t\t\t<p style=\"font-weight: 400;\">In tutti i nostri stabilimenti utilizziamo carrelli elevatori elettrici al posto di quelli diesel, riducendo cos\u00ec in modo significativo le emissioni di gas di scarico.<\/p>\t\t\t\t\t\t\t\t<\/div>\n\t\t\t\t<\/div>\n\t\t<div class=\"elementor-element elementor-element-8f252b3 e-con-full e-flex elementor-invisible e-con e-child\" data-id=\"8f252b3\" data-element_type=\"container\" data-e-type=\"container\" data-settings=\"{&quot;background_background&quot;:&quot;gradient&quot;,&quot;jet_parallax_layout_list&quot;:[],&quot;animation&quot;:&quot;fadeIn&quot;,&quot;animation_delay&quot;:200}\">\n\t\t\t\t<div class=\"elementor-element elementor-element-e5cc73c elementor-widget elementor-widget-heading\" data-id=\"e5cc73c\" data-element_type=\"widget\" data-e-type=\"widget\" data-widget_type=\"heading.default\">\n\t\t\t\t\t<h2 class=\"elementor-heading-title elementor-size-default\">Digitalizzazione<\/h2>\t\t\t\t<\/div>\n\t\t\t\t<div class=\"elementor-element elementor-element-69db6e0 elementor-widget elementor-widget-text-editor\" data-id=\"69db6e0\" data-element_type=\"widget\" data-e-type=\"widget\" data-widget_type=\"text-editor.default\">\n\t\t\t\t\t\t\t\t\t<p>Stiamo riducendo in modo significativo il nostro consumo di carta grazie a una costante digitalizzazione. La nostra rivista per i dipendenti \u00e8 pubblicata esclusivamente in formato digitale e consente di risparmiare circa 3.000 chilogrammi di carta all&#8217;anno. Inoltre, rinunciamo ai cataloghi stampati e offriamo invece versioni digitali di alta qualit\u00e0.  <\/p>\t\t\t\t\t\t\t\t<\/div>\n\t\t\t\t<\/div>\n\t\t<div class=\"elementor-element elementor-element-1d0bd55 e-con-full e-flex elementor-invisible e-con e-child\" data-id=\"1d0bd55\" data-element_type=\"container\" data-e-type=\"container\" data-settings=\"{&quot;background_background&quot;:&quot;gradient&quot;,&quot;jet_parallax_layout_list&quot;:[],&quot;animation&quot;:&quot;fadeIn&quot;,&quot;animation_delay&quot;:200}\">\n\t\t\t\t<div class=\"elementor-element elementor-element-0606531 elementor-widget elementor-widget-heading\" data-id=\"0606531\" data-element_type=\"widget\" data-e-type=\"widget\" data-widget_type=\"heading.default\">\n\t\t\t\t\t<h2 class=\"elementor-heading-title elementor-size-default\">Imballaggio ottimizzato<\/h2>\t\t\t\t<\/div>\n\t\t\t\t<div class=\"elementor-element elementor-element-171ebc1 elementor-widget elementor-widget-text-editor\" data-id=\"171ebc1\" data-element_type=\"widget\" data-e-type=\"widget\" data-widget_type=\"text-editor.default\">\n\t\t\t\t\t\t\t\t\t<p style=\"font-weight: 400;\">I nostri ingegneri dell&#8217;imballaggio lavorano continuamente a soluzioni che consentano di risparmiare risorse. Dove possibile, facciamo a meno dei pallet, a patto che la qualit\u00e0 del trasporto sia garantita. Inoltre, adattiamo le dimensioni delle scatole ai nostri prodotti per evitare il consumo di materiale e lo spazio di trasporto inutili.  <\/p>\t\t\t\t\t\t\t\t<\/div>\n\t\t\t\t<\/div>\n\t\t<a class=\"elementor-element elementor-element-5648e28 e-con-full e-transform e-flex elementor-invisible e-con e-child\" data-id=\"5648e28\" data-element_type=\"container\" data-e-type=\"container\" data-settings=\"{&quot;background_background&quot;:&quot;gradient&quot;,&quot;jet_parallax_layout_list&quot;:[],&quot;animation&quot;:&quot;fadeIn&quot;,&quot;animation_delay&quot;:200,&quot;_transform_translateY_effect_hover&quot;:{&quot;unit&quot;:&quot;px&quot;,&quot;size&quot;:-5,&quot;sizes&quot;:[]},&quot;_transform_translateX_effect_hover&quot;:{&quot;unit&quot;:&quot;px&quot;,&quot;size&quot;:&quot;&quot;,&quot;sizes&quot;:[]},&quot;_transform_translateX_effect_hover_laptop&quot;:{&quot;unit&quot;:&quot;px&quot;,&quot;size&quot;:&quot;&quot;,&quot;sizes&quot;:[]},&quot;_transform_translateX_effect_hover_tablet&quot;:{&quot;unit&quot;:&quot;px&quot;,&quot;size&quot;:&quot;&quot;,&quot;sizes&quot;:[]},&quot;_transform_translateX_effect_hover_mobile&quot;:{&quot;unit&quot;:&quot;px&quot;,&quot;size&quot;:&quot;&quot;,&quot;sizes&quot;:[]},&quot;_transform_translateY_effect_hover_laptop&quot;:{&quot;unit&quot;:&quot;px&quot;,&quot;size&quot;:&quot;&quot;,&quot;sizes&quot;:[]},&quot;_transform_translateY_effect_hover_tablet&quot;:{&quot;unit&quot;:&quot;px&quot;,&quot;size&quot;:&quot;&quot;,&quot;sizes&quot;:[]},&quot;_transform_translateY_effect_hover_mobile&quot;:{&quot;unit&quot;:&quot;px&quot;,&quot;size&quot;:&quot;&quot;,&quot;sizes&quot;:[]}}\" href=\"https:\/\/2020.7mphoto.com\/gsp2\/index.html\" target=\"_blank\" rel=\"noopener\">\n\t\t\t\t<div class=\"elementor-element elementor-element-aebf33f elementor-widget elementor-widget-heading\" data-id=\"aebf33f\" data-element_type=\"widget\" data-e-type=\"widget\" data-widget_type=\"heading.default\">\n\t\t\t\t\t<h2 class=\"elementor-heading-title elementor-size-default\">Fabbrica virtuale (VR)<\/h2>\t\t\t\t<\/div>\n\t\t\t\t<div class=\"elementor-element elementor-element-9c21acc elementor-widget elementor-widget-text-editor\" data-id=\"9c21acc\" data-element_type=\"widget\" data-e-type=\"widget\" data-widget_type=\"text-editor.default\">\n\t\t\t\t\t\t\t\t\t<p style=\"font-weight: 400;\">Con la nostra fabbrica VR, rendiamo trasparenti i processi di produzione, che possono essere vissuti virtualmente in qualsiasi momento. I clienti possono accedere online agli impianti di produzione in tutto il mondo senza doversi recare in loco. Questo non solo riduce le emissioni di CO2 dovute ai viaggi di lavoro, ma migliora anche la comprensione dei nostri processi e aumenta la convenienza per i nostri partner.  <\/p>\t\t\t\t\t\t\t\t<\/div>\n\t\t\t\t<\/a>\n\t\t\t\t\t<\/div>\n\t\t\t\t<\/div>\n\t\t\t\t<\/div>\n\t\t","protected":false},"excerpt":{"rendered":"<p>Prestazioni orientate alla qualit\u00e0 Sostenibilit\u00e0 Uno dei nostri compiti principali \u00e8 quello di dare un contributo sociale. Il cambiamento climatico e la scarsit\u00e0 di energia hanno aumentato la consapevolezza della sostenibilit\u00e0 in tutto il mondo. Per questo motivo GSP si impegna costantemente a favore dello sviluppo sostenibile. Energia solare in produzione La tutela dell&#8217;ambiente e [&hellip;]<\/p>\n","protected":false},"author":2,"featured_media":0,"parent":5605,"menu_order":0,"comment_status":"closed","ping_status":"closed","template":"","meta":{"footnotes":""},"class_list":["post-5641","page","type-page","status-publish","hentry"],"_links":{"self":[{"href":"https:\/\/www.gsp-europe.com\/it\/wp-json\/wp\/v2\/pages\/5641","targetHints":{"allow":["GET"]}}],"collection":[{"href":"https:\/\/www.gsp-europe.com\/it\/wp-json\/wp\/v2\/pages"}],"about":[{"href":"https:\/\/www.gsp-europe.com\/it\/wp-json\/wp\/v2\/types\/page"}],"author":[{"embeddable":true,"href":"https:\/\/www.gsp-europe.com\/it\/wp-json\/wp\/v2\/users\/2"}],"replies":[{"embeddable":true,"href":"https:\/\/www.gsp-europe.com\/it\/wp-json\/wp\/v2\/comments?post=5641"}],"version-history":[{"count":1,"href":"https:\/\/www.gsp-europe.com\/it\/wp-json\/wp\/v2\/pages\/5641\/revisions"}],"predecessor-version":[{"id":5643,"href":"https:\/\/www.gsp-europe.com\/it\/wp-json\/wp\/v2\/pages\/5641\/revisions\/5643"}],"up":[{"embeddable":true,"href":"https:\/\/www.gsp-europe.com\/it\/wp-json\/wp\/v2\/pages\/5605"}],"wp:attachment":[{"href":"https:\/\/www.gsp-europe.com\/it\/wp-json\/wp\/v2\/media?parent=5641"}],"curies":[{"name":"wp","href":"https:\/\/api.w.org\/{rel}","templated":true}]}}