{"id":6681,"date":"2026-01-27T10:04:05","date_gmt":"2026-01-27T10:04:05","guid":{"rendered":"https:\/\/gspeurope.info\/pie-de-imprenta\/"},"modified":"2026-01-29T15:13:53","modified_gmt":"2026-01-29T15:13:53","slug":"pie-de-imprenta","status":"publish","type":"page","link":"https:\/\/www.gsp-europe.com\/es\/pie-de-imprenta\/","title":{"rendered":"Pie de imprenta"},"content":{"rendered":"\t\t<div data-elementor-type=\"wp-page\" data-elementor-id=\"6681\" class=\"elementor elementor-6681 elementor-6647\" data-elementor-post-type=\"page\">\n\t\t\t\t<div class=\"elementor-element elementor-element-7be58b1 e-flex e-con-boxed e-con e-parent\" data-id=\"7be58b1\" data-element_type=\"container\" data-e-type=\"container\" data-settings=\"{&quot;background_background&quot;:&quot;gradient&quot;,&quot;jet_parallax_layout_list&quot;:[]}\">\n\t\t\t\t\t<div class=\"e-con-inner\">\n\t\t<div class=\"elementor-element elementor-element-424464c e-con-full e-flex e-con e-child\" data-id=\"424464c\" data-element_type=\"container\" data-e-type=\"container\" data-settings=\"{&quot;jet_parallax_layout_list&quot;:[]}\">\n\t\t\t\t<div class=\"elementor-element elementor-element-ae4e97a elementor-widget elementor-widget-heading\" data-id=\"ae4e97a\" data-element_type=\"widget\" data-e-type=\"widget\" data-widget_type=\"heading.default\">\n\t\t\t\t\t<h2 class=\"elementor-heading-title elementor-size-default\">Pie de imprenta<\/h2>\t\t\t\t<\/div>\n\t\t\t\t<\/div>\n\t\t<div class=\"elementor-element elementor-element-c84d276 e-con-full e-flex e-con e-child\" data-id=\"c84d276\" data-element_type=\"container\" data-e-type=\"container\" data-settings=\"{&quot;background_background&quot;:&quot;classic&quot;,&quot;jet_parallax_layout_list&quot;:[]}\">\n\t\t\t\t<\/div>\n\t\t<div class=\"elementor-element elementor-element-04b7807 e-con-full elementor-hidden-mobile e-flex e-con e-child\" data-id=\"04b7807\" data-element_type=\"container\" data-e-type=\"container\" data-settings=\"{&quot;background_background&quot;:&quot;gradient&quot;,&quot;position&quot;:&quot;absolute&quot;,&quot;jet_parallax_layout_list&quot;:[]}\">\n\t\t\t\t<\/div>\n\t\t\t\t\t<\/div>\n\t\t\t\t<\/div>\n\t\t<div class=\"elementor-element elementor-element-e84c7a7 e-flex e-con-boxed e-con e-parent\" data-id=\"e84c7a7\" data-element_type=\"container\" data-e-type=\"container\" data-settings=\"{&quot;jet_parallax_layout_list&quot;:[]}\">\n\t\t\t\t\t<div class=\"e-con-inner\">\n\t\t<div class=\"elementor-element elementor-element-722686e e-con-full e-flex e-con e-child\" data-id=\"722686e\" data-element_type=\"container\" data-e-type=\"container\" data-settings=\"{&quot;jet_parallax_layout_list&quot;:[]}\">\n\t\t\t\t<div class=\"elementor-element elementor-element-ac3196f elementor-widget elementor-widget-html\" data-id=\"ac3196f\" data-element_type=\"widget\" data-e-type=\"widget\" data-widget_type=\"html.default\">\n\t\t\t\t\t<p>GSP Europe GmbH<br>An der Hasenkaule 10<br>Edificio 11<br>50354 H\u00fcrth<\/p>\n\n<p>Registro mercantil: HRB 60272<br>Tribunal de registro: Juzgado de Primera Instancia de Colonia<\/p>\n\n<p><strong>Representado por:<\/strong><br>Milko Wolf<\/p>\n\n<h2>Contacta con nosotros<\/h2>\n<p>Tel\u00e9fono: 02233 808840<br>Correo electr\u00f3nico: info@gsp-europe.com<\/p>\n\n<h2>N\u00famero de identificaci\u00f3n fiscal<\/h2>\n<p>N\u00famero de identificaci\u00f3n del impuesto sobre el valor a\u00f1adido de conformidad con el art\u00edculo 27 a de la Ley del Impuesto sobre el Valor A\u00f1adido:<br>DE 254 226 502<\/p>\n\n<h2>Resoluci\u00f3n de litigios de consumo\/centro de arbitraje universal<\/h2>\n<p>No estamos dispuestos ni obligados a participar en procedimientos de resoluci\u00f3n de litigios ante una junta de arbitraje de consumo.<\/p>\t\t\t\t<\/div>\n\t\t\t\t<div class=\"elementor-element elementor-element-e559fb3 elementor-widget elementor-widget-heading\" data-id=\"e559fb3\" data-element_type=\"widget\" data-e-type=\"widget\" data-widget_type=\"heading.default\">\n\t\t\t\t\t<h2 class=\"elementor-heading-title elementor-size-default\">Dise\u00f1o y realizaci\u00f3n<\/h2>\t\t\t\t<\/div>\n\t\t\t\t<div class=\"elementor-element elementor-element-67b570d elementor-widget elementor-widget-text-editor\" data-id=\"67b570d\" data-element_type=\"widget\" data-e-type=\"widget\" data-widget_type=\"text-editor.default\">\n\t\t\t\t\t\t\t\t\t<p><strong>Digivisuals OHG<br><\/strong>Heinrich-Hoerle Str. 2<br>50354 H\u00fcrth<\/p><p>Tel.: 02233 7131 074<br><a href=\"mailto:hallo@digivisuals.de\">hallo@digivisuals.de<\/a><br><a href=\"https:\/\/www.digivisuals.de\" target=\"_blank\" rel=\"noopener\">www.digivisuals.de<\/a><\/p>\t\t\t\t\t\t\t\t<\/div>\n\t\t\t\t<\/div>\n\t\t\t\t\t<\/div>\n\t\t\t\t<\/div>\n\t\t\t\t<\/div>\n\t\t","protected":false},"excerpt":{"rendered":"<p>Pie de imprenta GSP Europe GmbHAn der Hasenkaule 10Edificio 1150354 H\u00fcrth Registro mercantil: HRB 60272Tribunal de registro: Juzgado de Primera Instancia de Colonia Representado por:Milko Wolf Contacta con nosotros Tel\u00e9fono: 02233 808840Correo electr\u00f3nico: info@gsp-europe.com N\u00famero de identificaci\u00f3n fiscal N\u00famero de identificaci\u00f3n del impuesto sobre el valor a\u00f1adido de conformidad con el art\u00edculo 27 a de [&hellip;]<\/p>\n","protected":false},"author":2,"featured_media":0,"parent":0,"menu_order":0,"comment_status":"closed","ping_status":"closed","template":"","meta":{"footnotes":""},"class_list":["post-6681","page","type-page","status-publish","hentry"],"_links":{"self":[{"href":"https:\/\/www.gsp-europe.com\/es\/wp-json\/wp\/v2\/pages\/6681","targetHints":{"allow":["GET"]}}],"collection":[{"href":"https:\/\/www.gsp-europe.com\/es\/wp-json\/wp\/v2\/pages"}],"about":[{"href":"https:\/\/www.gsp-europe.com\/es\/wp-json\/wp\/v2\/types\/page"}],"author":[{"embeddable":true,"href":"https:\/\/www.gsp-europe.com\/es\/wp-json\/wp\/v2\/users\/2"}],"replies":[{"embeddable":true,"href":"https:\/\/www.gsp-europe.com\/es\/wp-json\/wp\/v2\/comments?post=6681"}],"version-history":[{"count":2,"href":"https:\/\/www.gsp-europe.com\/es\/wp-json\/wp\/v2\/pages\/6681\/revisions"}],"predecessor-version":[{"id":6734,"href":"https:\/\/www.gsp-europe.com\/es\/wp-json\/wp\/v2\/pages\/6681\/revisions\/6734"}],"wp:attachment":[{"href":"https:\/\/www.gsp-europe.com\/es\/wp-json\/wp\/v2\/media?parent=6681"}],"curies":[{"name":"wp","href":"https:\/\/api.w.org\/{rel}","templated":true}]}}